{"id":2,"date":"2020-12-08T00:18:59","date_gmt":"2020-12-08T00:18:59","guid":{"rendered":"https:\/\/gerlandiolucena.com.br\/site\/?page_id=2"},"modified":"2021-04-11T21:57:56","modified_gmt":"2021-04-11T21:57:56","slug":"sample-page","status":"publish","type":"page","link":"https:\/\/gerlandiolucena.com.br\/site\/","title":{"rendered":"Motive-se"},"content":{"rendered":"\n<p>Conhecimento nunca \u00e9 demais, aqui nasceram alguns esbo\u00e7os de artigos como forma de compartilhar algo que aprendi. Bora ver se d\u00e1 certo&#8230;<\/p>\n\n\n\n<blockquote class=\"wp-block-quote\"><p>Did I ever tell you what the definition of insanity is? Insanity is doing the exact&#8230; same fucking thing&#8230; over and over again expecting&#8230; shit to change&#8230; That. Is. Crazy<\/p><cite>Vass Montenegro, Far Cry 3 &#8211; <a href=\"https:\/\/www.imdb.com\/title\/tt2321297\/characters\/nm3103126\">https:\/\/www.imdb.com\/title\/tt2321297\/characters\/nm3103126<\/a><\/cite><\/blockquote>\n\n\n\n<p>Repeti\u00e7\u00e3o e pr\u00e1tica podem auxiliar na sua evolu\u00e7\u00e3o, mesmo que n\u00e3o seja claro qual o pr\u00f3ximo passo, mantenha-se em movimento.<\/p>\n\n\n\n<div class=\"wp-block-image\"><figure class=\"aligncenter size-large is-resized\"><img loading=\"lazy\" src=\"https:\/\/gerlandiolucena.com.br\/site\/wp-content\/uploads\/2021\/04\/THM-KKZDURIVXN-1024x725.png\" alt=\"\" class=\"wp-image-93\" width=\"721\" height=\"510\" srcset=\"https:\/\/gerlandiolucena.com.br\/site\/wp-content\/uploads\/2021\/04\/THM-KKZDURIVXN-1024x725.png 1024w, https:\/\/gerlandiolucena.com.br\/site\/wp-content\/uploads\/2021\/04\/THM-KKZDURIVXN-300x212.png 300w, https:\/\/gerlandiolucena.com.br\/site\/wp-content\/uploads\/2021\/04\/THM-KKZDURIVXN-768x543.png 768w, https:\/\/gerlandiolucena.com.br\/site\/wp-content\/uploads\/2021\/04\/THM-KKZDURIVXN.png 1122w\" sizes=\"(max-width: 721px) 100vw, 721px\" \/><\/figure><\/div>\n\n\n\n<p><\/p>\n","protected":false},"excerpt":{"rendered":"<p>Conhecimento nunca \u00e9 demais, aqui nasceram alguns esbo\u00e7os de artigos como forma de compartilhar algo que aprendi. Bora ver se d\u00e1 certo&#8230; Did I ever tell you what the definition of insanity is? Insanity is doing the exact&#8230; same fucking thing&#8230; over and over again expecting&#8230; shit to change&#8230; That. Is. Crazy Vass Montenegro, Far &hellip; <\/p>\n<p class=\"link-more\"><a href=\"https:\/\/gerlandiolucena.com.br\/site\/\" class=\"more-link\">Continuar a ler <span class=\"screen-reader-text\">&#8220;Motive-se&#8221;<\/span><\/a><\/p>\n","protected":false},"author":1,"featured_media":0,"parent":0,"menu_order":0,"comment_status":"closed","ping_status":"open","template":"","meta":{"pagelayer_contact_templates":[],"_pagelayer_content":""},"_links":{"self":[{"href":"https:\/\/gerlandiolucena.com.br\/site\/wp-json\/wp\/v2\/pages\/2"}],"collection":[{"href":"https:\/\/gerlandiolucena.com.br\/site\/wp-json\/wp\/v2\/pages"}],"about":[{"href":"https:\/\/gerlandiolucena.com.br\/site\/wp-json\/wp\/v2\/types\/page"}],"author":[{"embeddable":true,"href":"https:\/\/gerlandiolucena.com.br\/site\/wp-json\/wp\/v2\/users\/1"}],"replies":[{"embeddable":true,"href":"https:\/\/gerlandiolucena.com.br\/site\/wp-json\/wp\/v2\/comments?post=2"}],"version-history":[{"count":3,"href":"https:\/\/gerlandiolucena.com.br\/site\/wp-json\/wp\/v2\/pages\/2\/revisions"}],"predecessor-version":[{"id":95,"href":"https:\/\/gerlandiolucena.com.br\/site\/wp-json\/wp\/v2\/pages\/2\/revisions\/95"}],"wp:attachment":[{"href":"https:\/\/gerlandiolucena.com.br\/site\/wp-json\/wp\/v2\/media?parent=2"}],"curies":[{"name":"wp","href":"https:\/\/api.w.org\/{rel}","templated":true}]}}